{"id":12,"date":"2025-03-06T10:05:35","date_gmt":"2025-03-06T10:05:35","guid":{"rendered":"https:\/\/nodotekhost.xyz\/adrn-sb\/?page_id=12"},"modified":"2025-03-06T22:09:41","modified_gmt":"2025-03-06T22:09:41","slug":"a-propos","status":"publish","type":"page","link":"https:\/\/nodotekhost.xyz\/adrn-sb\/a-propos\/","title":{"rendered":"A Propos"},"content":{"rendered":"\t\t<div data-elementor-type=\"wp-page\" data-elementor-id=\"12\" class=\"elementor elementor-12\" data-elementor-post-type=\"page\">\n\t\t\t\t<div class=\"elementor-element elementor-element-0ebe5b9 e-flex e-con-boxed e-con e-parent\" data-id=\"0ebe5b9\" data-element_type=\"container\">\n\t\t\t\t\t<div class=\"e-con-inner\">\n\t\t<div class=\"elementor-element elementor-element-c2cd41e e-con-full e-flex e-con e-child\" data-id=\"c2cd41e\" data-element_type=\"container\">\n\t\t\t\t<div class=\"elementor-element elementor-element-357a775 elementor-widget elementor-widget-heading\" data-id=\"357a775\" data-element_type=\"widget\" data-widget_type=\"heading.default\">\n\t\t\t\t\t<h5 class=\"elementor-heading-title elementor-size-default\">Qui sommes-nous?\n<\/h5>\t\t\t\t<\/div>\n\t\t\t\t<div class=\"elementor-element elementor-element-a89adba elementor-widget elementor-widget-heading\" data-id=\"a89adba\" data-element_type=\"widget\" data-widget_type=\"heading.default\">\n\t\t\t\t\t<h2 class=\"elementor-heading-title elementor-size-default\">L\u2019Alliance pour le D\u00e9veloppement, la R\u00e9silience Nationale et la Solidarit\u00e9 au Burkina (ADRN-SB) <\/h2>\t\t\t\t<\/div>\n\t\t\t\t<div class=\"elementor-element elementor-element-6e30ba1 elementor-widget elementor-widget-text-editor\" data-id=\"6e30ba1\" data-element_type=\"widget\" data-widget_type=\"text-editor.default\">\n\t\t\t\t\t\t\t\t\t<p>Est une association \u00e0 but non lucratif qui est r\u00e9gie par la loi N\u00b0064-2015\/CNT du 20 Octobre 2015 portant libert\u00e9 d\u2019association au Burkina Faso. Elle est n\u00e9e en Janvier 2000 sous la d\u00e9nomination de Association pour le D\u00e9veloppement de la R\u00e9gion du Nord \/ Sahel Burkinab\u00e8 (ADRN\/SB) suite au d\u00e9sengagement de l\u2019ONG ACORD de la zone du Sahel o\u00f9 elle intervenait. C\u2019est en Juillet 2021, qu\u2019elle prend la nouvelle d\u00e9nomination.<\/p>\t\t\t\t\t\t\t\t<\/div>\n\t\t<div class=\"elementor-element elementor-element-9a8e61b e-con-full e-flex e-con e-child\" data-id=\"9a8e61b\" data-element_type=\"container\" data-settings=\"{&quot;background_background&quot;:&quot;classic&quot;}\">\n\t\t\t\t<\/div>\n\t\t\t\t<\/div>\n\t\t\t\t\t<\/div>\n\t\t\t\t<\/div>\n\t\t<div class=\"elementor-element elementor-element-e74c5c1 e-flex e-con-boxed e-con e-parent\" data-id=\"e74c5c1\" data-element_type=\"container\">\n\t\t\t\t\t<div class=\"e-con-inner\">\n\t\t<div class=\"elementor-element elementor-element-648f528 e-con-full e-flex e-con e-child\" data-id=\"648f528\" data-element_type=\"container\" data-settings=\"{&quot;background_background&quot;:&quot;classic&quot;}\">\n\t\t\t\t<div class=\"elementor-element elementor-element-84f963c elementor-widget elementor-widget-image\" data-id=\"84f963c\" data-element_type=\"widget\" data-widget_type=\"image.default\">\n\t\t\t\t\t\t\t\t\t\t\t\t\t\t\t<img fetchpriority=\"high\" decoding=\"async\" width=\"512\" height=\"512\" src=\"https:\/\/nodotekhost.xyz\/adrn-sb\/wp-content\/uploads\/2025\/03\/binoculars.png\" class=\"attachment-large size-large wp-image-90\" alt=\"\" srcset=\"https:\/\/nodotekhost.xyz\/adrn-sb\/wp-content\/uploads\/2025\/03\/binoculars.png 512w, https:\/\/nodotekhost.xyz\/adrn-sb\/wp-content\/uploads\/2025\/03\/binoculars-300x300.png 300w, https:\/\/nodotekhost.xyz\/adrn-sb\/wp-content\/uploads\/2025\/03\/binoculars-150x150.png 150w\" sizes=\"(max-width: 512px) 100vw, 512px\" \/>\t\t\t\t\t\t\t\t\t\t\t\t\t\t\t<\/div>\n\t\t\t\t<div class=\"elementor-element elementor-element-8a777f7 elementor-widget elementor-widget-heading\" data-id=\"8a777f7\" data-element_type=\"widget\" data-widget_type=\"heading.default\">\n\t\t\t\t\t<h5 class=\"elementor-heading-title elementor-size-default\">Vision<\/h5>\t\t\t\t<\/div>\n\t\t\t\t<div class=\"elementor-element elementor-element-9af9804 elementor-widget elementor-widget-text-editor\" data-id=\"9af9804\" data-element_type=\"widget\" data-widget_type=\"text-editor.default\">\n\t\t\t\t\t\t\t\t\tFavoriser l\u2019\u00e9mergence d\u2019une communaut\u00e9 r\u00e9siliente, solidaire et \u00e9galitaire, capable de transformer les contraintes environnementales et socio-\u00e9conomiques en opportunit\u00e9s.\t\t\t\t\t\t\t\t<\/div>\n\t\t\t\t<\/div>\n\t\t<div class=\"elementor-element elementor-element-bcb381b e-con-full e-flex e-con e-child\" data-id=\"bcb381b\" data-element_type=\"container\" data-settings=\"{&quot;background_background&quot;:&quot;classic&quot;}\">\n\t\t\t\t<div class=\"elementor-element elementor-element-053cbed elementor-widget elementor-widget-image\" data-id=\"053cbed\" data-element_type=\"widget\" data-widget_type=\"image.default\">\n\t\t\t\t\t\t\t\t\t\t\t\t\t\t\t<img decoding=\"async\" width=\"512\" height=\"512\" src=\"https:\/\/nodotekhost.xyz\/adrn-sb\/wp-content\/uploads\/2025\/03\/targeting.png\" class=\"attachment-large size-large wp-image-91\" alt=\"\" srcset=\"https:\/\/nodotekhost.xyz\/adrn-sb\/wp-content\/uploads\/2025\/03\/targeting.png 512w, https:\/\/nodotekhost.xyz\/adrn-sb\/wp-content\/uploads\/2025\/03\/targeting-300x300.png 300w, https:\/\/nodotekhost.xyz\/adrn-sb\/wp-content\/uploads\/2025\/03\/targeting-150x150.png 150w\" sizes=\"(max-width: 512px) 100vw, 512px\" \/>\t\t\t\t\t\t\t\t\t\t\t\t\t\t\t<\/div>\n\t\t\t\t<div class=\"elementor-element elementor-element-a7aac7c elementor-widget elementor-widget-heading\" data-id=\"a7aac7c\" data-element_type=\"widget\" data-widget_type=\"heading.default\">\n\t\t\t\t\t<h5 class=\"elementor-heading-title elementor-size-default\">Missions\n<\/h5>\t\t\t\t<\/div>\n\t\t\t\t<div class=\"elementor-element elementor-element-288a306 elementor-widget elementor-widget-text-editor\" data-id=\"288a306\" data-element_type=\"widget\" data-widget_type=\"text-editor.default\">\n\t\t\t\t\t\t\t\t\t<p>Veiller au respect et \u00e0 la protection des droits des couches vuln\u00e9rables de la population que sont les femmes, les enfants, les jeunes filles et les jeunes d\u00e9s\u0153uvr\u00e9s ;<br \/>Vulgariser les savoir locaux en mati\u00e8re de r\u00e9silience et de r\u00e9duction des risques de catastrophe ;<br \/>Influencer positivement les d\u00e9cisions en faveurs d\u2019un monde \u00e9quitable et d\u2019un d\u00e9veloppement durable respectueux de l\u2019environnement.<\/p>\t\t\t\t\t\t\t\t<\/div>\n\t\t\t\t<\/div>\n\t\t<div class=\"elementor-element elementor-element-c80f99d e-con-full e-flex e-con e-child\" data-id=\"c80f99d\" data-element_type=\"container\" data-settings=\"{&quot;background_background&quot;:&quot;classic&quot;}\">\n\t\t\t\t<div class=\"elementor-element elementor-element-2783691 elementor-widget elementor-widget-image\" data-id=\"2783691\" data-element_type=\"widget\" data-widget_type=\"image.default\">\n\t\t\t\t\t\t\t\t\t\t\t\t\t\t\t<img decoding=\"async\" width=\"512\" height=\"512\" src=\"https:\/\/nodotekhost.xyz\/adrn-sb\/wp-content\/uploads\/2025\/03\/values.png\" class=\"attachment-large size-large wp-image-95\" alt=\"\" srcset=\"https:\/\/nodotekhost.xyz\/adrn-sb\/wp-content\/uploads\/2025\/03\/values.png 512w, https:\/\/nodotekhost.xyz\/adrn-sb\/wp-content\/uploads\/2025\/03\/values-300x300.png 300w, https:\/\/nodotekhost.xyz\/adrn-sb\/wp-content\/uploads\/2025\/03\/values-150x150.png 150w\" sizes=\"(max-width: 512px) 100vw, 512px\" \/>\t\t\t\t\t\t\t\t\t\t\t\t\t\t\t<\/div>\n\t\t\t\t<div class=\"elementor-element elementor-element-ee8d3e6 elementor-widget elementor-widget-heading\" data-id=\"ee8d3e6\" data-element_type=\"widget\" data-widget_type=\"heading.default\">\n\t\t\t\t\t<h5 class=\"elementor-heading-title elementor-size-default\">Valeur<\/h5>\t\t\t\t<\/div>\n\t\t\t\t<div class=\"elementor-element elementor-element-01a1d24 elementor-widget elementor-widget-text-editor\" data-id=\"01a1d24\" data-element_type=\"widget\" data-widget_type=\"text-editor.default\">\n\t\t\t\t\t\t\t\t\t<p>Notre cadre \u00e9thique d\u2019intervention est fond\u00e9 sur quatre valeurs communes : Transparence ; Esprit de sacrifice ; Esprit d\u2019\u00e9quipe et \u00c9quit\u00e9.<\/p>\t\t\t\t\t\t\t\t<\/div>\n\t\t\t\t<\/div>\n\t\t\t\t\t<\/div>\n\t\t\t\t<\/div>\n\t\t\t\t<\/div>\n\t\t","protected":false},"excerpt":{"rendered":"<p>Qui sommes-nous? L\u2019Alliance pour le D\u00e9veloppement, la R\u00e9silience Nationale et la Solidarit\u00e9 au Burkina (ADRN-SB) Est une association \u00e0 but non lucratif qui est r\u00e9gie par la loi N\u00b0064-2015\/CNT du 20 Octobre 2015 portant libert\u00e9 d\u2019association au Burkina Faso. Elle est n\u00e9e en Janvier 2000 sous la d\u00e9nomination de Association pour le D\u00e9veloppement de la [&hellip;]<\/p>\n","protected":false},"author":1,"featured_media":0,"parent":0,"menu_order":0,"comment_status":"closed","ping_status":"closed","template":"","meta":{"footnotes":""},"class_list":["post-12","page","type-page","status-publish","hentry"],"_links":{"self":[{"href":"https:\/\/nodotekhost.xyz\/adrn-sb\/wp-json\/wp\/v2\/pages\/12","targetHints":{"allow":["GET"]}}],"collection":[{"href":"https:\/\/nodotekhost.xyz\/adrn-sb\/wp-json\/wp\/v2\/pages"}],"about":[{"href":"https:\/\/nodotekhost.xyz\/adrn-sb\/wp-json\/wp\/v2\/types\/page"}],"author":[{"embeddable":true,"href":"https:\/\/nodotekhost.xyz\/adrn-sb\/wp-json\/wp\/v2\/users\/1"}],"replies":[{"embeddable":true,"href":"https:\/\/nodotekhost.xyz\/adrn-sb\/wp-json\/wp\/v2\/comments?post=12"}],"version-history":[{"count":46,"href":"https:\/\/nodotekhost.xyz\/adrn-sb\/wp-json\/wp\/v2\/pages\/12\/revisions"}],"predecessor-version":[{"id":148,"href":"https:\/\/nodotekhost.xyz\/adrn-sb\/wp-json\/wp\/v2\/pages\/12\/revisions\/148"}],"wp:attachment":[{"href":"https:\/\/nodotekhost.xyz\/adrn-sb\/wp-json\/wp\/v2\/media?parent=12"}],"curies":[{"name":"wp","href":"https:\/\/api.w.org\/{rel}","templated":true}]}}