{"id":2,"date":"2025-03-06T09:40:27","date_gmt":"2025-03-06T09:40:27","guid":{"rendered":"https:\/\/nodotekhost.xyz\/adrn-sb\/?page_id=2"},"modified":"2025-03-06T14:31:07","modified_gmt":"2025-03-06T14:31:07","slug":"accueil","status":"publish","type":"page","link":"https:\/\/nodotekhost.xyz\/adrn-sb\/","title":{"rendered":"Accueil"},"content":{"rendered":"\t\t<div data-elementor-type=\"wp-page\" data-elementor-id=\"2\" class=\"elementor elementor-2\" data-elementor-post-type=\"page\">\n\t\t\t\t<div class=\"elementor-element elementor-element-31ecf8e0 e-flex e-con-boxed e-con e-parent\" data-id=\"31ecf8e0\" data-element_type=\"container\" data-settings=\"{&quot;background_background&quot;:&quot;slideshow&quot;,&quot;background_slideshow_gallery&quot;:[{&quot;id&quot;:50,&quot;url&quot;:&quot;https:\\\/\\\/nodotekhost.xyz\\\/adrn-sb\\\/wp-content\\\/uploads\\\/2025\\\/03\\\/Une-apprenante-et-son-enseignant-pour-la-lecture-au-tableau-projet-d_alphabetisation-des-femmes-PDI-1.jpg&quot;},{&quot;id&quot;:51,&quot;url&quot;:&quot;https:\\\/\\\/nodotekhost.xyz\\\/adrn-sb\\\/wp-content\\\/uploads\\\/2025\\\/03\\\/Champ-laboure.jpg&quot;},{&quot;id&quot;:52,&quot;url&quot;:&quot;https:\\\/\\\/nodotekhost.xyz\\\/adrn-sb\\\/wp-content\\\/uploads\\\/2025\\\/03\\\/Formation-des-femmes-de-Bani-sur-la-saponification-projet-USAID.jpg&quot;}],&quot;background_slideshow_slide_duration&quot;:3000,&quot;background_slideshow_transition_duration&quot;:1000,&quot;background_slideshow_ken_burns&quot;:&quot;yes&quot;,&quot;background_slideshow_loop&quot;:&quot;yes&quot;,&quot;background_slideshow_slide_transition&quot;:&quot;fade&quot;,&quot;background_slideshow_ken_burns_zoom_direction&quot;:&quot;in&quot;}\">\n\t\t\t\t\t<div class=\"e-con-inner\">\n\t\t<div class=\"elementor-element elementor-element-3f227a0 e-con-full e-flex e-con e-child\" data-id=\"3f227a0\" data-element_type=\"container\">\n\t\t\t\t<div class=\"elementor-element elementor-element-51ca9a3 elementor-widget elementor-widget-heading\" data-id=\"51ca9a3\" data-element_type=\"widget\" data-widget_type=\"heading.default\">\n\t\t\t\t\t<h1 class=\"elementor-heading-title elementor-size-default\">L\u2019Alliance pour le D\u00e9veloppement, la R\u00e9silience Nationale et la Solidarit\u00e9 au Burkina.<\/h1>\t\t\t\t<\/div>\n\t\t\t\t<div class=\"elementor-element elementor-element-05ed58a elementor-widget__width-initial elementor-widget-mobile__width-inherit elementor-widget elementor-widget-heading\" data-id=\"05ed58a\" data-element_type=\"widget\" data-widget_type=\"heading.default\">\n\t\t\t\t\t<h6 class=\"elementor-heading-title elementor-size-default\">contribuer \u00e0 l\u2019am\u00e9lioration des conditions de vie des communaut\u00e9s, en particulier les couches les plus vuln\u00e9rables du Burkina Faso.\n\n<\/h6>\t\t\t\t<\/div>\n\t\t\t\t<div class=\"elementor-element elementor-element-389b090 elementor-align-center elementor-widget elementor-widget-button\" data-id=\"389b090\" data-element_type=\"widget\" data-widget_type=\"button.default\">\n\t\t\t\t\t\t\t\t\t\t<a class=\"elementor-button elementor-button-link elementor-size-sm\" href=\"https:\/\/nodotekhost.xyz\/adrn-sb\/contacter\/\">\n\t\t\t\t\t\t<span class=\"elementor-button-content-wrapper\">\n\t\t\t\t\t\t\t\t\t<span class=\"elementor-button-text\">Contacter<\/span>\n\t\t\t\t\t<\/span>\n\t\t\t\t\t<\/a>\n\t\t\t\t\t\t\t\t<\/div>\n\t\t\t\t<\/div>\n\t\t\t\t\t<\/div>\n\t\t\t\t<\/div>\n\t\t\t\t<\/div>\n\t\t","protected":false},"excerpt":{"rendered":"<p>L\u2019Alliance pour le D\u00e9veloppement, la R\u00e9silience Nationale et la Solidarit\u00e9 au Burkina. contribuer \u00e0 l\u2019am\u00e9lioration des conditions de vie des communaut\u00e9s, en particulier les couches les plus vuln\u00e9rables du Burkina Faso. Contacter<\/p>\n","protected":false},"author":1,"featured_media":0,"parent":0,"menu_order":0,"comment_status":"closed","ping_status":"closed","template":"","meta":{"footnotes":""},"class_list":["post-2","page","type-page","status-publish","hentry"],"_links":{"self":[{"href":"https:\/\/nodotekhost.xyz\/adrn-sb\/wp-json\/wp\/v2\/pages\/2","targetHints":{"allow":["GET"]}}],"collection":[{"href":"https:\/\/nodotekhost.xyz\/adrn-sb\/wp-json\/wp\/v2\/pages"}],"about":[{"href":"https:\/\/nodotekhost.xyz\/adrn-sb\/wp-json\/wp\/v2\/types\/page"}],"author":[{"embeddable":true,"href":"https:\/\/nodotekhost.xyz\/adrn-sb\/wp-json\/wp\/v2\/users\/1"}],"replies":[{"embeddable":true,"href":"https:\/\/nodotekhost.xyz\/adrn-sb\/wp-json\/wp\/v2\/comments?post=2"}],"version-history":[{"count":28,"href":"https:\/\/nodotekhost.xyz\/adrn-sb\/wp-json\/wp\/v2\/pages\/2\/revisions"}],"predecessor-version":[{"id":131,"href":"https:\/\/nodotekhost.xyz\/adrn-sb\/wp-json\/wp\/v2\/pages\/2\/revisions\/131"}],"wp:attachment":[{"href":"https:\/\/nodotekhost.xyz\/adrn-sb\/wp-json\/wp\/v2\/media?parent=2"}],"curies":[{"name":"wp","href":"https:\/\/api.w.org\/{rel}","templated":true}]}}